{"id":268013,"date":"2025-05-05T12:56:33","date_gmt":"2025-05-05T12:56:33","guid":{"rendered":"https:\/\/barchettaparts.eu\/?page_id=268013"},"modified":"2025-07-16T20:43:31","modified_gmt":"2025-07-16T18:43:31","slug":"ruckerstattungs-und-ruckgaberichtlinie-2","status":"publish","type":"page","link":"https:\/\/barchettaparts.eu\/de\/ruckerstattungs-und-ruckgaberichtlinie-2\/","title":{"rendered":"Rechtliche Bedingungen"},"content":{"rendered":"<p>[et_pb_section fb_built=&#8220;1&#8243; _builder_version=&#8220;4.16&#8243; global_colors_info=&#8220;{}&#8220;][et_pb_row _builder_version=&#8220;4.16&#8243; background_size=&#8220;initial&#8220; background_position=&#8220;top_left&#8220; background_repeat=&#8220;repeat&#8220; global_colors_info=&#8220;{}&#8220;][et_pb_column type=&#8220;4_4&#8243; _builder_version=&#8220;4.16&#8243; custom_padding=&#8220;|||&#8220; global_colors_info=&#8220;{}&#8220; custom_padding__hover=&#8220;|||&#8220;][et_pb_text _builder_version=&#8220;4.27.4&#8243; header_font=&#8220;Poppins||||||||&#8220; header_2_font=&#8220;Poppins||||||||&#8220; header_3_font=&#8220;Poppins||||||||&#8220; background_size=&#8220;initial&#8220; background_position=&#8220;top_left&#8220; background_repeat=&#8220;repeat&#8220; global_colors_info=&#8220;{}&#8220;]<\/p>\n<h1>Impressum \/ Rechtliche Hinweise<\/p>\n<p>Name des Unternehmens:<br \/>Barchetta Parts Europe<\/h1>\n<p><\/p>\n<p>Adresse:<br \/>Weievenseweg 3<br \/>5491 RG Sint-Oedenrode<br \/>Niederlande<\/p>\n<p><\/p>\n<p>Kontakt:<br \/>E-Mail: shop@barchettaparts.eu<br \/>Telefon: (+31) 06 538 758 60<\/p>\n<p><\/p>\n<p>Verantwortlich f\u00fcr den Inhalt gem\u00e4\u00df \u00a7 5 TMG \/ Artikel 4 DSGVO:<br \/>Barchetta Parts Europe<br \/>Weievenseweg 3<br \/>5491 RG Sint-Oedenrode<\/p>\n<p><\/p>\n<p>Rechtliche Dokumente<br \/>Datenschutzerkl\u00e4rung<\/p>\n<p><\/p>\n<p>Allgemeine Gesch\u00e4ftsbedingungen<\/p>\n<p><\/p>\n<p>Haftungsausschluss<\/p>\n<p><\/p>\n<p>Barchetta Parts Europe ist f\u00fcr den Inhalt dieser Website gem\u00e4\u00df den geltenden gesetzlichen Bestimmungen verantwortlich. Obwohl die Inhalte mit gr\u00f6\u00dftm\u00f6glicher Sorgfalt zusammengestellt wurden, wird keine Haftung f\u00fcr die Richtigkeit, Vollst\u00e4ndigkeit oder Aktualit\u00e4t der Informationen \u00fcbernommen.<\/p>\n<p><\/p>\n<p>\u00dcbersetzt mit DeepL.com (kostenlose Version)<\/p>\n<p>[\/et_pb_text][\/et_pb_column][\/et_pb_row][\/et_pb_section]<\/p>\n","protected":false},"excerpt":{"rendered":"<p>Impressum \/ Rechtliche HinweiseName des Unternehmens:Barchetta Parts EuropeAdresse:Weievenseweg 35491 RG Sint-OedenrodeNiederlandeKontakt:E-Mail: shop@barchettaparts.euTelefon: (+31) 06 538 758 60Verantwortlich f\u00fcr den Inhalt gem\u00e4\u00df \u00a7 5 TMG \/ Artikel 4 DSGVO:Barchetta Parts EuropeWeievenseweg 35491 RG Sint-OedenrodeRechtliche DokumenteDatenschutzerkl\u00e4rungAllgemeine Gesch\u00e4ftsbedingungenHaftungsausschlussBarchetta Parts Europe ist f\u00fcr den Inhalt dieser Website gem\u00e4\u00df den geltenden gesetzlichen Bestimmungen verantwortlich. Obwohl die Inhalte mit gr\u00f6\u00dftm\u00f6glicher Sorgfalt [&hellip;]<\/p>\n","protected":false},"author":1,"featured_media":0,"parent":0,"menu_order":0,"comment_status":"closed","ping_status":"closed","template":"","meta":{"_acf_changed":false,"_et_pb_use_builder":"on","_et_pb_old_content":"","_et_gb_content_width":"","footnotes":""},"class_list":["post-268013","page","type-page","status-publish","hentry"],"acf":[],"yoast_head":"<!-- This site is optimized with the Yoast SEO plugin v27.5 - https:\/\/yoast.com\/product\/yoast-seo-wordpress\/ -->\n<title>Rechtliche Bedingungen - barchetta parts Europe<\/title>\n<meta name=\"robots\" content=\"index, follow, max-snippet:-1, max-image-preview:large, max-video-preview:-1\" \/>\n<link rel=\"canonical\" href=\"https:\/\/barchettaparts.eu\/de\/ruckerstattungs-und-ruckgaberichtlinie-2\/\" \/>\n<meta property=\"og:locale\" content=\"de_DE\" \/>\n<meta property=\"og:type\" content=\"article\" \/>\n<meta property=\"og:title\" content=\"Rechtliche Bedingungen - barchetta parts Europe\" \/>\n<meta property=\"og:description\" content=\"Impressum \/ Rechtliche HinweiseName des Unternehmens:Barchetta Parts EuropeAdresse:Weievenseweg 35491 RG Sint-OedenrodeNiederlandeKontakt:E-Mail: shop@barchettaparts.euTelefon: (+31) 06 538 758 60Verantwortlich f\u00fcr den Inhalt gem\u00e4\u00df \u00a7 5 TMG \/ Artikel 4 DSGVO:Barchetta Parts EuropeWeievenseweg 35491 RG Sint-OedenrodeRechtliche DokumenteDatenschutzerkl\u00e4rungAllgemeine Gesch\u00e4ftsbedingungenHaftungsausschlussBarchetta Parts Europe ist f\u00fcr den Inhalt dieser Website gem\u00e4\u00df den geltenden gesetzlichen Bestimmungen verantwortlich. Obwohl die Inhalte mit gr\u00f6\u00dftm\u00f6glicher Sorgfalt [&hellip;]\" \/>\n<meta property=\"og:url\" content=\"https:\/\/barchettaparts.eu\/de\/ruckerstattungs-und-ruckgaberichtlinie-2\/\" \/>\n<meta property=\"og:site_name\" content=\"barchetta parts Europe\" \/>\n<meta property=\"article:publisher\" content=\"https:\/\/www.facebook.com\/groups\/29348753458072384\" \/>\n<meta property=\"article:modified_time\" content=\"2025-07-16T18:43:31+00:00\" \/>\n<meta name=\"twitter:card\" content=\"summary_large_image\" \/>\n<meta name=\"twitter:label1\" content=\"Gesch\u00e4tzte Lesezeit\" \/>\n\t<meta name=\"twitter:data1\" content=\"1\u00a0Minute\" \/>\n<script type=\"application\/ld+json\" class=\"yoast-schema-graph\">{\"@context\":\"https:\\\/\\\/schema.org\",\"@graph\":[{\"@type\":\"WebPage\",\"@id\":\"https:\\\/\\\/barchettaparts.eu\\\/de\\\/ruckerstattungs-und-ruckgaberichtlinie-2\\\/\",\"url\":\"https:\\\/\\\/barchettaparts.eu\\\/de\\\/ruckerstattungs-und-ruckgaberichtlinie-2\\\/\",\"name\":\"Rechtliche Bedingungen - barchetta parts Europe\",\"isPartOf\":{\"@id\":\"https:\\\/\\\/barchettaparts.eu\\\/de\\\/#website\"},\"datePublished\":\"2025-05-05T12:56:33+00:00\",\"dateModified\":\"2025-07-16T18:43:31+00:00\",\"breadcrumb\":{\"@id\":\"https:\\\/\\\/barchettaparts.eu\\\/de\\\/ruckerstattungs-und-ruckgaberichtlinie-2\\\/#breadcrumb\"},\"inLanguage\":\"de\",\"potentialAction\":[{\"@type\":\"ReadAction\",\"target\":[\"https:\\\/\\\/barchettaparts.eu\\\/de\\\/ruckerstattungs-und-ruckgaberichtlinie-2\\\/\"]}]},{\"@type\":\"BreadcrumbList\",\"@id\":\"https:\\\/\\\/barchettaparts.eu\\\/de\\\/ruckerstattungs-und-ruckgaberichtlinie-2\\\/#breadcrumb\",\"itemListElement\":[{\"@type\":\"ListItem\",\"position\":1,\"name\":\"Home\",\"item\":\"https:\\\/\\\/barchettaparts.eu\\\/de\\\/startseite-2\\\/\"},{\"@type\":\"ListItem\",\"position\":2,\"name\":\"Rechtliche Bedingungen\"}]},{\"@type\":\"WebSite\",\"@id\":\"https:\\\/\\\/barchettaparts.eu\\\/de\\\/#website\",\"url\":\"https:\\\/\\\/barchettaparts.eu\\\/de\\\/\",\"name\":\"barchetta parts Europe\",\"description\":\"For All Your barchetta Parts\",\"publisher\":{\"@id\":\"https:\\\/\\\/barchettaparts.eu\\\/de\\\/#organization\"},\"potentialAction\":[{\"@type\":\"SearchAction\",\"target\":{\"@type\":\"EntryPoint\",\"urlTemplate\":\"https:\\\/\\\/barchettaparts.eu\\\/de\\\/?s={search_term_string}\"},\"query-input\":{\"@type\":\"PropertyValueSpecification\",\"valueRequired\":true,\"valueName\":\"search_term_string\"}}],\"inLanguage\":\"de\"},{\"@type\":\"Organization\",\"@id\":\"https:\\\/\\\/barchettaparts.eu\\\/de\\\/#organization\",\"name\":\"barchetta parts Europe\",\"url\":\"https:\\\/\\\/barchettaparts.eu\\\/de\\\/\",\"logo\":{\"@type\":\"ImageObject\",\"inLanguage\":\"de\",\"@id\":\"https:\\\/\\\/barchettaparts.eu\\\/de\\\/#\\\/schema\\\/logo\\\/image\\\/\",\"url\":\"https:\\\/\\\/barchettaparts.eu\\\/wp-content\\\/uploads\\\/2025\\\/04\\\/logo-barchettapartsEU-kleine-b-1.png\",\"contentUrl\":\"https:\\\/\\\/barchettaparts.eu\\\/wp-content\\\/uploads\\\/2025\\\/04\\\/logo-barchettapartsEU-kleine-b-1.png\",\"width\":1436,\"height\":983,\"caption\":\"barchetta parts Europe\"},\"image\":{\"@id\":\"https:\\\/\\\/barchettaparts.eu\\\/de\\\/#\\\/schema\\\/logo\\\/image\\\/\"},\"sameAs\":[\"https:\\\/\\\/www.facebook.com\\\/groups\\\/29348753458072384\"]}]}<\/script>\n<!-- \/ Yoast SEO plugin. -->","yoast_head_json":{"title":"Rechtliche Bedingungen - barchetta parts Europe","robots":{"index":"index","follow":"follow","max-snippet":"max-snippet:-1","max-image-preview":"max-image-preview:large","max-video-preview":"max-video-preview:-1"},"canonical":"https:\/\/barchettaparts.eu\/de\/ruckerstattungs-und-ruckgaberichtlinie-2\/","og_locale":"de_DE","og_type":"article","og_title":"Rechtliche Bedingungen - barchetta parts Europe","og_description":"Impressum \/ Rechtliche HinweiseName des Unternehmens:Barchetta Parts EuropeAdresse:Weievenseweg 35491 RG Sint-OedenrodeNiederlandeKontakt:E-Mail: shop@barchettaparts.euTelefon: (+31) 06 538 758 60Verantwortlich f\u00fcr den Inhalt gem\u00e4\u00df \u00a7 5 TMG \/ Artikel 4 DSGVO:Barchetta Parts EuropeWeievenseweg 35491 RG Sint-OedenrodeRechtliche DokumenteDatenschutzerkl\u00e4rungAllgemeine Gesch\u00e4ftsbedingungenHaftungsausschlussBarchetta Parts Europe ist f\u00fcr den Inhalt dieser Website gem\u00e4\u00df den geltenden gesetzlichen Bestimmungen verantwortlich. Obwohl die Inhalte mit gr\u00f6\u00dftm\u00f6glicher Sorgfalt [&hellip;]","og_url":"https:\/\/barchettaparts.eu\/de\/ruckerstattungs-und-ruckgaberichtlinie-2\/","og_site_name":"barchetta parts Europe","article_publisher":"https:\/\/www.facebook.com\/groups\/29348753458072384","article_modified_time":"2025-07-16T18:43:31+00:00","twitter_card":"summary_large_image","twitter_misc":{"Gesch\u00e4tzte Lesezeit":"1\u00a0Minute"},"schema":{"@context":"https:\/\/schema.org","@graph":[{"@type":"WebPage","@id":"https:\/\/barchettaparts.eu\/de\/ruckerstattungs-und-ruckgaberichtlinie-2\/","url":"https:\/\/barchettaparts.eu\/de\/ruckerstattungs-und-ruckgaberichtlinie-2\/","name":"Rechtliche Bedingungen - barchetta parts Europe","isPartOf":{"@id":"https:\/\/barchettaparts.eu\/de\/#website"},"datePublished":"2025-05-05T12:56:33+00:00","dateModified":"2025-07-16T18:43:31+00:00","breadcrumb":{"@id":"https:\/\/barchettaparts.eu\/de\/ruckerstattungs-und-ruckgaberichtlinie-2\/#breadcrumb"},"inLanguage":"de","potentialAction":[{"@type":"ReadAction","target":["https:\/\/barchettaparts.eu\/de\/ruckerstattungs-und-ruckgaberichtlinie-2\/"]}]},{"@type":"BreadcrumbList","@id":"https:\/\/barchettaparts.eu\/de\/ruckerstattungs-und-ruckgaberichtlinie-2\/#breadcrumb","itemListElement":[{"@type":"ListItem","position":1,"name":"Home","item":"https:\/\/barchettaparts.eu\/de\/startseite-2\/"},{"@type":"ListItem","position":2,"name":"Rechtliche Bedingungen"}]},{"@type":"WebSite","@id":"https:\/\/barchettaparts.eu\/de\/#website","url":"https:\/\/barchettaparts.eu\/de\/","name":"barchetta parts Europe","description":"For All Your barchetta Parts","publisher":{"@id":"https:\/\/barchettaparts.eu\/de\/#organization"},"potentialAction":[{"@type":"SearchAction","target":{"@type":"EntryPoint","urlTemplate":"https:\/\/barchettaparts.eu\/de\/?s={search_term_string}"},"query-input":{"@type":"PropertyValueSpecification","valueRequired":true,"valueName":"search_term_string"}}],"inLanguage":"de"},{"@type":"Organization","@id":"https:\/\/barchettaparts.eu\/de\/#organization","name":"barchetta parts Europe","url":"https:\/\/barchettaparts.eu\/de\/","logo":{"@type":"ImageObject","inLanguage":"de","@id":"https:\/\/barchettaparts.eu\/de\/#\/schema\/logo\/image\/","url":"https:\/\/barchettaparts.eu\/wp-content\/uploads\/2025\/04\/logo-barchettapartsEU-kleine-b-1.png","contentUrl":"https:\/\/barchettaparts.eu\/wp-content\/uploads\/2025\/04\/logo-barchettapartsEU-kleine-b-1.png","width":1436,"height":983,"caption":"barchetta parts Europe"},"image":{"@id":"https:\/\/barchettaparts.eu\/de\/#\/schema\/logo\/image\/"},"sameAs":["https:\/\/www.facebook.com\/groups\/29348753458072384"]}]}},"_links":{"self":[{"href":"https:\/\/barchettaparts.eu\/de\/wp-json\/wp\/v2\/pages\/268013","targetHints":{"allow":["GET"]}}],"collection":[{"href":"https:\/\/barchettaparts.eu\/de\/wp-json\/wp\/v2\/pages"}],"about":[{"href":"https:\/\/barchettaparts.eu\/de\/wp-json\/wp\/v2\/types\/page"}],"author":[{"embeddable":true,"href":"https:\/\/barchettaparts.eu\/de\/wp-json\/wp\/v2\/users\/1"}],"replies":[{"embeddable":true,"href":"https:\/\/barchettaparts.eu\/de\/wp-json\/wp\/v2\/comments?post=268013"}],"version-history":[{"count":4,"href":"https:\/\/barchettaparts.eu\/de\/wp-json\/wp\/v2\/pages\/268013\/revisions"}],"predecessor-version":[{"id":268928,"href":"https:\/\/barchettaparts.eu\/de\/wp-json\/wp\/v2\/pages\/268013\/revisions\/268928"}],"wp:attachment":[{"href":"https:\/\/barchettaparts.eu\/de\/wp-json\/wp\/v2\/media?parent=268013"}],"curies":[{"name":"wp","href":"https:\/\/api.w.org\/{rel}","templated":true}]}}