{"id":262569,"date":"2025-04-05T16:47:18","date_gmt":"2025-04-05T16:47:18","guid":{"rendered":"https:\/\/barchettaparts.eu\/haftungsausschluss\/"},"modified":"2025-04-12T16:06:49","modified_gmt":"2025-04-12T16:06:49","slug":"haftungsausschluss","status":"publish","type":"page","link":"https:\/\/barchettaparts.eu\/de\/haftungsausschluss\/","title":{"rendered":"Haftungsausschluss"},"content":{"rendered":"<p>[et_pb_section fb_built=&#8220;1&#8243; _builder_version=&#8220;4.27.4&#8243; _module_preset=&#8220;default&#8220; global_colors_info=&#8220;{}&#8220;][et_pb_row _builder_version=&#8220;4.27.4&#8243; _module_preset=&#8220;default&#8220; global_colors_info=&#8220;{}&#8220;][et_pb_column type=&#8220;4_4&#8243; _builder_version=&#8220;4.27.4&#8243; _module_preset=&#8220;default&#8220; global_colors_info=&#8220;{}&#8220;][et_pb_text _builder_version=&#8220;4.27.4&#8243; _module_preset=&#8220;default&#8220; hover_enabled=&#8220;0&#8243; global_colors_info=&#8220;{}&#8220; header_font=&#8220;Poppins||||||||&#8220; header_2_font=&#8220;Poppins||||||||&#8220; sticky_enabled=&#8220;0&#8243;]<\/p>\n<h1 data-start=\"3354\" data-end=\"3394\"><strong data-start=\"3360\" data-end=\"3394\">Haftungsausschluss \u2013 barchettaparts.eu<\/strong><\/h1>\n<p data-start=\"3396\" data-end=\"3670\" class=\"\"><strong data-start=\"3396\" data-end=\"3422\"><\/strong><\/p>\n<h2>Nutzung der Website<\/h2>\n<p><strong data-start=\"3396\" data-end=\"3422\"><\/strong><br data-start=\"3422\" data-end=\"3425\">Die auf dieser Website bereitgestellten Informationen dienen ausschlie\u00dflich allgemeinen Informationszwecken. Obgleich wir uns um Sorgfalt bei der Erstellung und Pflege dieser Website bem\u00fchen, k\u00f6nnen wir keine Gew\u00e4hr f\u00fcr die Vollst\u00e4ndigkeit, Richtigkeit oder Aktualit\u00e4t der dargebotenen Informationen \u00fcbernehmen. <\/p>\n<p data-start=\"3672\" data-end=\"3857\" class=\"\"><strong data-start=\"3672\" data-end=\"3693\"><\/strong><\/p>\n<h2>Haftung<\/h2>\n<p><strong data-start=\"3672\" data-end=\"3693\"><\/strong><br data-start=\"3693\" data-end=\"3696\">barchettaparts.eu \u00fcbernimmt keinerlei Haftung f\u00fcr direkte oder indirekte Sch\u00e4den, die durch die Nutzung dieser Website oder der darauf enthaltenen Informationen entstehen k\u00f6nnten.<\/p>\n<p data-start=\"3859\" data-end=\"4032\" class=\"\"><strong data-start=\"3859\" data-end=\"3876\"><\/strong><\/p>\n<h2>Externe Links<\/h2>\n<p><strong data-start=\"3859\" data-end=\"3876\"><\/strong><br data-start=\"3876\" data-end=\"3879\">Diese Website kann Links zu Websites Dritter enthalten. BarchettaParts.eu tr\u00e4gt keine Verantwortung f\u00fcr den Inhalt oder die Funktionsweise dieser externen Websites. <\/p>\n<p data-start=\"4034\" data-end=\"4275\" class=\"\"><strong data-start=\"4034\" data-end=\"4052\"><\/strong><\/p>\n<h2>Urheberrechte<\/h2>\n<p><strong data-start=\"4034\" data-end=\"4052\"><\/strong><br data-start=\"4052\" data-end=\"4055\">S\u00e4mtliche Inhalte dieser Website (Texte, Bildmaterial, Logos etc.) sind, sofern nicht anders angegeben, Eigentum von barchettaparts.eu. Es ist untersagt, Inhalte ohne vorherige schriftliche Genehmigung zu kopieren oder anderweitig zu verwenden. <\/p>\n<p data-start=\"4277\" data-end=\"4465\" class=\"\"><strong data-start=\"4277\" data-end=\"4292\"><\/strong><\/p>\n<h2>\u00c4nderungen<\/h2>\n<p><strong data-start=\"4277\" data-end=\"4292\"><\/strong><br data-start=\"4292\" data-end=\"4295\">barchettaparts.eu beh\u00e4lt sich das Recht vor, den Inhalt dieser Datenschutzerkl\u00e4rung und des Haftungsausschlusses jederzeit zu \u00e4ndern. Es wird empfohlen, diese Seite regelm\u00e4\u00dfig zu \u00fcberpr\u00fcfen. <\/p>\n<p>[\/et_pb_text][\/et_pb_column][\/et_pb_row][\/et_pb_section]<\/p>\n","protected":false},"excerpt":{"rendered":"<p>Haftungsausschluss \u2013 barchettaparts.eu Nutzung der Website Die auf dieser Website bereitgestellten Informationen dienen ausschlie\u00dflich allgemeinen Informationszwecken. Obgleich wir uns um Sorgfalt bei der Erstellung und Pflege dieser Website bem\u00fchen, k\u00f6nnen wir keine Gew\u00e4hr f\u00fcr die Vollst\u00e4ndigkeit, Richtigkeit oder Aktualit\u00e4t der dargebotenen Informationen \u00fcbernehmen. Haftung barchettaparts.eu \u00fcbernimmt keinerlei Haftung f\u00fcr direkte oder indirekte Sch\u00e4den, die durch [&hellip;]<\/p>\n","protected":false},"author":1,"featured_media":0,"parent":0,"menu_order":0,"comment_status":"closed","ping_status":"closed","template":"","meta":{"_acf_changed":false,"_et_pb_use_builder":"on","_et_pb_old_content":"","_et_gb_content_width":"","footnotes":""},"class_list":["post-262569","page","type-page","status-publish","hentry"],"acf":[],"yoast_head":"<!-- This site is optimized with the Yoast SEO plugin v27.4 - https:\/\/yoast.com\/product\/yoast-seo-wordpress\/ -->\n<title>Haftungsausschluss - barchetta parts Europe<\/title>\n<meta name=\"robots\" content=\"index, follow, max-snippet:-1, max-image-preview:large, max-video-preview:-1\" \/>\n<link rel=\"canonical\" href=\"https:\/\/barchettaparts.eu\/de\/haftungsausschluss\/\" \/>\n<meta property=\"og:locale\" content=\"de_DE\" \/>\n<meta property=\"og:type\" content=\"article\" \/>\n<meta property=\"og:title\" content=\"Haftungsausschluss - barchetta parts Europe\" \/>\n<meta property=\"og:description\" content=\"Haftungsausschluss \u2013 barchettaparts.eu Nutzung der Website Die auf dieser Website bereitgestellten Informationen dienen ausschlie\u00dflich allgemeinen Informationszwecken. Obgleich wir uns um Sorgfalt bei der Erstellung und Pflege dieser Website bem\u00fchen, k\u00f6nnen wir keine Gew\u00e4hr f\u00fcr die Vollst\u00e4ndigkeit, Richtigkeit oder Aktualit\u00e4t der dargebotenen Informationen \u00fcbernehmen. Haftung barchettaparts.eu \u00fcbernimmt keinerlei Haftung f\u00fcr direkte oder indirekte Sch\u00e4den, die durch [&hellip;]\" \/>\n<meta property=\"og:url\" content=\"https:\/\/barchettaparts.eu\/de\/haftungsausschluss\/\" \/>\n<meta property=\"og:site_name\" content=\"barchetta parts Europe\" \/>\n<meta property=\"article:publisher\" content=\"https:\/\/www.facebook.com\/groups\/29348753458072384\" \/>\n<meta property=\"article:modified_time\" content=\"2025-04-12T16:06:49+00:00\" \/>\n<meta name=\"twitter:card\" content=\"summary_large_image\" \/>\n<meta name=\"twitter:label1\" content=\"Gesch\u00e4tzte Lesezeit\" \/>\n\t<meta name=\"twitter:data1\" content=\"1\u00a0Minute\" \/>\n<script type=\"application\/ld+json\" class=\"yoast-schema-graph\">{\"@context\":\"https:\\\/\\\/schema.org\",\"@graph\":[{\"@type\":\"WebPage\",\"@id\":\"https:\\\/\\\/barchettaparts.eu\\\/de\\\/haftungsausschluss\\\/\",\"url\":\"https:\\\/\\\/barchettaparts.eu\\\/de\\\/haftungsausschluss\\\/\",\"name\":\"Haftungsausschluss - barchetta parts Europe\",\"isPartOf\":{\"@id\":\"https:\\\/\\\/barchettaparts.eu\\\/de\\\/#website\"},\"datePublished\":\"2025-04-05T16:47:18+00:00\",\"dateModified\":\"2025-04-12T16:06:49+00:00\",\"breadcrumb\":{\"@id\":\"https:\\\/\\\/barchettaparts.eu\\\/de\\\/haftungsausschluss\\\/#breadcrumb\"},\"inLanguage\":\"de\",\"potentialAction\":[{\"@type\":\"ReadAction\",\"target\":[\"https:\\\/\\\/barchettaparts.eu\\\/de\\\/haftungsausschluss\\\/\"]}]},{\"@type\":\"BreadcrumbList\",\"@id\":\"https:\\\/\\\/barchettaparts.eu\\\/de\\\/haftungsausschluss\\\/#breadcrumb\",\"itemListElement\":[{\"@type\":\"ListItem\",\"position\":1,\"name\":\"Home\",\"item\":\"https:\\\/\\\/barchettaparts.eu\\\/de\\\/startseite-2\\\/\"},{\"@type\":\"ListItem\",\"position\":2,\"name\":\"Haftungsausschluss\"}]},{\"@type\":\"WebSite\",\"@id\":\"https:\\\/\\\/barchettaparts.eu\\\/de\\\/#website\",\"url\":\"https:\\\/\\\/barchettaparts.eu\\\/de\\\/\",\"name\":\"barchetta parts Europe\",\"description\":\"For All Your barchetta Parts\",\"publisher\":{\"@id\":\"https:\\\/\\\/barchettaparts.eu\\\/de\\\/#organization\"},\"potentialAction\":[{\"@type\":\"SearchAction\",\"target\":{\"@type\":\"EntryPoint\",\"urlTemplate\":\"https:\\\/\\\/barchettaparts.eu\\\/de\\\/?s={search_term_string}\"},\"query-input\":{\"@type\":\"PropertyValueSpecification\",\"valueRequired\":true,\"valueName\":\"search_term_string\"}}],\"inLanguage\":\"de\"},{\"@type\":\"Organization\",\"@id\":\"https:\\\/\\\/barchettaparts.eu\\\/de\\\/#organization\",\"name\":\"barchetta parts Europe\",\"url\":\"https:\\\/\\\/barchettaparts.eu\\\/de\\\/\",\"logo\":{\"@type\":\"ImageObject\",\"inLanguage\":\"de\",\"@id\":\"https:\\\/\\\/barchettaparts.eu\\\/de\\\/#\\\/schema\\\/logo\\\/image\\\/\",\"url\":\"https:\\\/\\\/barchettaparts.eu\\\/wp-content\\\/uploads\\\/2025\\\/04\\\/logo-barchettapartsEU-kleine-b-1.png\",\"contentUrl\":\"https:\\\/\\\/barchettaparts.eu\\\/wp-content\\\/uploads\\\/2025\\\/04\\\/logo-barchettapartsEU-kleine-b-1.png\",\"width\":1436,\"height\":983,\"caption\":\"barchetta parts Europe\"},\"image\":{\"@id\":\"https:\\\/\\\/barchettaparts.eu\\\/de\\\/#\\\/schema\\\/logo\\\/image\\\/\"},\"sameAs\":[\"https:\\\/\\\/www.facebook.com\\\/groups\\\/29348753458072384\"]}]}<\/script>\n<!-- \/ Yoast SEO plugin. -->","yoast_head_json":{"title":"Haftungsausschluss - barchetta parts Europe","robots":{"index":"index","follow":"follow","max-snippet":"max-snippet:-1","max-image-preview":"max-image-preview:large","max-video-preview":"max-video-preview:-1"},"canonical":"https:\/\/barchettaparts.eu\/de\/haftungsausschluss\/","og_locale":"de_DE","og_type":"article","og_title":"Haftungsausschluss - barchetta parts Europe","og_description":"Haftungsausschluss \u2013 barchettaparts.eu Nutzung der Website Die auf dieser Website bereitgestellten Informationen dienen ausschlie\u00dflich allgemeinen Informationszwecken. Obgleich wir uns um Sorgfalt bei der Erstellung und Pflege dieser Website bem\u00fchen, k\u00f6nnen wir keine Gew\u00e4hr f\u00fcr die Vollst\u00e4ndigkeit, Richtigkeit oder Aktualit\u00e4t der dargebotenen Informationen \u00fcbernehmen. Haftung barchettaparts.eu \u00fcbernimmt keinerlei Haftung f\u00fcr direkte oder indirekte Sch\u00e4den, die durch [&hellip;]","og_url":"https:\/\/barchettaparts.eu\/de\/haftungsausschluss\/","og_site_name":"barchetta parts Europe","article_publisher":"https:\/\/www.facebook.com\/groups\/29348753458072384","article_modified_time":"2025-04-12T16:06:49+00:00","twitter_card":"summary_large_image","twitter_misc":{"Gesch\u00e4tzte Lesezeit":"1\u00a0Minute"},"schema":{"@context":"https:\/\/schema.org","@graph":[{"@type":"WebPage","@id":"https:\/\/barchettaparts.eu\/de\/haftungsausschluss\/","url":"https:\/\/barchettaparts.eu\/de\/haftungsausschluss\/","name":"Haftungsausschluss - barchetta parts Europe","isPartOf":{"@id":"https:\/\/barchettaparts.eu\/de\/#website"},"datePublished":"2025-04-05T16:47:18+00:00","dateModified":"2025-04-12T16:06:49+00:00","breadcrumb":{"@id":"https:\/\/barchettaparts.eu\/de\/haftungsausschluss\/#breadcrumb"},"inLanguage":"de","potentialAction":[{"@type":"ReadAction","target":["https:\/\/barchettaparts.eu\/de\/haftungsausschluss\/"]}]},{"@type":"BreadcrumbList","@id":"https:\/\/barchettaparts.eu\/de\/haftungsausschluss\/#breadcrumb","itemListElement":[{"@type":"ListItem","position":1,"name":"Home","item":"https:\/\/barchettaparts.eu\/de\/startseite-2\/"},{"@type":"ListItem","position":2,"name":"Haftungsausschluss"}]},{"@type":"WebSite","@id":"https:\/\/barchettaparts.eu\/de\/#website","url":"https:\/\/barchettaparts.eu\/de\/","name":"barchetta parts Europe","description":"For All Your barchetta Parts","publisher":{"@id":"https:\/\/barchettaparts.eu\/de\/#organization"},"potentialAction":[{"@type":"SearchAction","target":{"@type":"EntryPoint","urlTemplate":"https:\/\/barchettaparts.eu\/de\/?s={search_term_string}"},"query-input":{"@type":"PropertyValueSpecification","valueRequired":true,"valueName":"search_term_string"}}],"inLanguage":"de"},{"@type":"Organization","@id":"https:\/\/barchettaparts.eu\/de\/#organization","name":"barchetta parts Europe","url":"https:\/\/barchettaparts.eu\/de\/","logo":{"@type":"ImageObject","inLanguage":"de","@id":"https:\/\/barchettaparts.eu\/de\/#\/schema\/logo\/image\/","url":"https:\/\/barchettaparts.eu\/wp-content\/uploads\/2025\/04\/logo-barchettapartsEU-kleine-b-1.png","contentUrl":"https:\/\/barchettaparts.eu\/wp-content\/uploads\/2025\/04\/logo-barchettapartsEU-kleine-b-1.png","width":1436,"height":983,"caption":"barchetta parts Europe"},"image":{"@id":"https:\/\/barchettaparts.eu\/de\/#\/schema\/logo\/image\/"},"sameAs":["https:\/\/www.facebook.com\/groups\/29348753458072384"]}]}},"_links":{"self":[{"href":"https:\/\/barchettaparts.eu\/de\/wp-json\/wp\/v2\/pages\/262569","targetHints":{"allow":["GET"]}}],"collection":[{"href":"https:\/\/barchettaparts.eu\/de\/wp-json\/wp\/v2\/pages"}],"about":[{"href":"https:\/\/barchettaparts.eu\/de\/wp-json\/wp\/v2\/types\/page"}],"author":[{"embeddable":true,"href":"https:\/\/barchettaparts.eu\/de\/wp-json\/wp\/v2\/users\/1"}],"replies":[{"embeddable":true,"href":"https:\/\/barchettaparts.eu\/de\/wp-json\/wp\/v2\/comments?post=262569"}],"version-history":[{"count":2,"href":"https:\/\/barchettaparts.eu\/de\/wp-json\/wp\/v2\/pages\/262569\/revisions"}],"predecessor-version":[{"id":262573,"href":"https:\/\/barchettaparts.eu\/de\/wp-json\/wp\/v2\/pages\/262569\/revisions\/262573"}],"wp:attachment":[{"href":"https:\/\/barchettaparts.eu\/de\/wp-json\/wp\/v2\/media?parent=262569"}],"curies":[{"name":"wp","href":"https:\/\/api.w.org\/{rel}","templated":true}]}}