{"id":262505,"date":"2025-04-05T17:08:48","date_gmt":"2025-04-05T17:08:48","guid":{"rendered":"https:\/\/barchettaparts.eu\/rueckerstattungs-und-rueckgaberichtlinie\/"},"modified":"2025-04-12T16:06:33","modified_gmt":"2025-04-12T16:06:33","slug":"rueckerstattungs-und-rueckgaberichtlinie","status":"publish","type":"page","link":"https:\/\/barchettaparts.eu\/de\/rueckerstattungs-und-rueckgaberichtlinie\/","title":{"rendered":"R\u00fcckerstattungs- und R\u00fcckgaberichtlinie"},"content":{"rendered":"<p>[et_pb_section fb_built=&#8220;1&#8243; _builder_version=&#8220;4.16&#8243; global_colors_info=&#8220;{}&#8220;][et_pb_row _builder_version=&#8220;4.16&#8243; background_size=&#8220;initial&#8220; background_position=&#8220;top_left&#8220; background_repeat=&#8220;repeat&#8220; global_colors_info=&#8220;{}&#8220;][et_pb_column type=&#8220;4_4&#8243; _builder_version=&#8220;4.16&#8243; custom_padding=&#8220;|||&#8220; global_colors_info=&#8220;{}&#8220; custom_padding__hover=&#8220;|||&#8220;][et_pb_text _builder_version=&#8220;4.27.4&#8243; background_size=&#8220;initial&#8220; background_position=&#8220;top_left&#8220; background_repeat=&#8220;repeat&#8220; hover_enabled=&#8220;0&#8243; global_colors_info=&#8220;{}&#8220; header_font=&#8220;Poppins||||||||&#8220; header_2_font=&#8220;Poppins||||||||&#8220; header_3_font=&#8220;Poppins||||||||&#8220; sticky_enabled=&#8220;0&#8243;]<\/p>\n<h1 data-start=\"337\" data-end=\"398\">R\u00fcckerstattungs- und R\u00fcckgaberichtlinie \u2013 barchettaparts.eu<\/h1>\n<p data-start=\"400\" data-end=\"452\" class=\"\"><strong data-start=\"400\" data-end=\"452\">Version 1.0 \u2013 Zuletzt aktualisiert am 05.04.2025<\/strong><\/p>\n<p data-start=\"454\" data-end=\"688\" class=\"\">Bei barchettaparts.eu streben wir nach Kundenzufriedenheit. Sollte Ihre Bestellung dennoch nicht ganz Ihren Erwartungen entsprechen, k\u00f6nnen Sie von Ihrem Widerrufsrecht Gebrauch machen. Nachfolgend erfahren Sie, wie Sie Ihre Bestellung zur\u00fccksenden k\u00f6nnen und welche Bedingungen daf\u00fcr gelten.   <\/p>\n<p data-start=\"454\" data-end=\"688\" class=\"\">\n<p data-start=\"454\" data-end=\"688\" class=\"\">\n<h2 data-start=\"695\" data-end=\"731\">1. Widerrufsrecht (Bedenkzeit)<\/h2>\n<p data-start=\"733\" data-end=\"904\" class=\"\">Sie haben das Recht, Ihre Bestellung bis zu <strong data-start=\"769\" data-end=\"794\">14 Tage nach Erhalt<\/strong> ohne Angabe von Gr\u00fcnden zu stornieren. Nach der Stornierung haben Sie weitere 14 Tage Zeit, um das Produkt zur\u00fcckzusenden. <\/p>\n<p data-start=\"906\" data-end=\"1106\" class=\"\">Sie erhalten dann den vollen Bestellbetrag einschlie\u00dflich eventueller Versandkosten (des Hinversands) gutgeschrieben. Lediglich die Kosten f\u00fcr den R\u00fcckversand von Ihrer Adresse zu barchettaparts.eu gehen zu Ihren Lasten. <\/p>\n<p data-start=\"906\" data-end=\"1106\" class=\"\">\n<p data-start=\"906\" data-end=\"1106\" class=\"\">\n<h2 data-start=\"1113\" data-end=\"1134\">2. Ausnahmen<\/h2>\n<p data-start=\"1136\" data-end=\"1171\" class=\"\">Eine R\u00fcckgabe ist nicht m\u00f6glich f\u00fcr:<\/p>\n<ul data-start=\"1172\" data-end=\"1383\">\n<li data-start=\"1172\" data-end=\"1227\" class=\"\">\n<p data-start=\"1174\" data-end=\"1227\" class=\"\"><strong data-start=\"1174\" data-end=\"1225\">Ma\u00dfangefertigte oder personalisierte Produkte<\/strong><\/p>\n<\/li>\n<li data-start=\"1228\" data-end=\"1300\" class=\"\">\n<p data-start=\"1230\" data-end=\"1300\" class=\"\">Produkte, die nach Erhalt <strong data-start=\"1244\" data-end=\"1266\">offensichtlich gebraucht<\/strong> oder besch\u00e4digt wurden<\/p>\n<\/li>\n<li data-start=\"1301\" data-end=\"1383\" class=\"\">\n<p data-start=\"1303\" data-end=\"1383\" class=\"\">Versiegelte Produkte, deren Versiegelung gebrochen wurde (falls zutreffend)<\/p>\n<\/li>\n<\/ul>\n<p data-start=\"81\" data-end=\"444\" class=\"\"><strong data-start=\"81\" data-end=\"95\">Verpackung<\/strong><br data-start=\"95\" data-end=\"98\">Wir bitten Sie, die Originalverpackung m\u00f6glichst unbesch\u00e4digt zu lassen. Wenn Sie das Produkt zur\u00fccksenden, verpacken Sie es bitte sorgf\u00e4ltig und ordentlich. Ist die Verpackung besch\u00e4digt, obwohl sie leicht ohne Schaden h\u00e4tte ge\u00f6ffnet werden k\u00f6nnen? In diesem Fall k\u00f6nnen wir Ihnen im Rahmen der Angemessenheit Kosten f\u00fcr die Wertminderung des Produkts in Rechnung stellen.   <\/p>\n<p data-start=\"446\" data-end=\"658\" class=\"\"><strong data-start=\"446\" data-end=\"471\">Versiegelte Verpackung<\/strong><br data-start=\"471\" data-end=\"474\">Einige Produkte werden mit einer versiegelten Verpackung geliefert. Wenn Sie diese Versiegelung brechen, erlischt das 14-t\u00e4gige Widerrufsrecht. In diesem Fall ist der Kauf endg\u00fcltig.  <\/p>\n<p>&nbsp;<\/p>\n<p>&nbsp;<\/p>\n<h2 data-start=\"1390\" data-end=\"1414\">3. R\u00fcckgabebedingungen<\/h2>\n<p data-start=\"1416\" data-end=\"1440\" class=\"\">F\u00fcr eine g\u00fcltige R\u00fcckgabe:<\/p>\n<ul data-start=\"1441\" data-end=\"1629\">\n<li data-start=\"1441\" data-end=\"1501\" class=\"\">\n<p data-start=\"1443\" data-end=\"1501\" class=\"\">Das Produkt ist vollst\u00e4ndig und im Originalzustand\/-verpackung<\/p>\n<\/li>\n<li data-start=\"1502\" data-end=\"1562\" class=\"\">\n<p data-start=\"1504\" data-end=\"1562\" class=\"\">Sie melden Ihre R\u00fcckgabe per E-Mail oder \u00fcber unser R\u00fccksendeformular an<\/p>\n<\/li>\n<li data-start=\"1563\" data-end=\"1629\" class=\"\">\n<p data-start=\"1565\" data-end=\"1629\" class=\"\">Die R\u00fccksendung geht innerhalb von 14 Tagen nach dem Widerruf bei uns ein<\/p>\n<\/li>\n<\/ul>\n<p data-start=\"446\" data-end=\"658\" class=\"\">\n<p data-start=\"446\" data-end=\"658\" class=\"\">\n<h2 data-start=\"1636\" data-end=\"1659\">4. R\u00fcckgabe anmelden<\/h2>\n<p data-start=\"1661\" data-end=\"1729\" class=\"\">Senden Sie eine E-Mail an shop@barchettaparts.eu unter Angabe von:<\/p>\n<ul data-start=\"1730\" data-end=\"1820\">\n<li data-start=\"1730\" data-end=\"1749\" class=\"\">\n<p data-start=\"1732\" data-end=\"1749\" class=\"\">Ihrer Bestellnummer<\/p>\n<\/li>\n<li data-start=\"1750\" data-end=\"1789\" class=\"\">\n<p data-start=\"1752\" data-end=\"1789\" class=\"\">Dem Produkt, das Sie zur\u00fccksenden m\u00f6chten<\/p>\n<\/li>\n<li data-start=\"1790\" data-end=\"1820\" class=\"\">\n<p data-start=\"1792\" data-end=\"1820\" class=\"\">Grund der R\u00fccksendung<\/p>\n<\/li>\n<\/ul>\n<p data-start=\"1822\" data-end=\"1887\" class=\"\">Wir best\u00e4tigen Ihre R\u00fcckgabe per E-Mail und geben weitere Anweisungen.<\/p>\n<p data-start=\"1889\" data-end=\"1959\" class=\"\">R\u00fccksendeadresse:<br data-start=\"1901\" data-end=\"1904\"><strong data-start=\"1904\" data-end=\"1925\">barchettaparts.eu<\/strong><br data-start=\"1925\" data-end=\"1928\">Weievenseweg 3<br \/>5491 RG Sint-Oedenrode<\/p>\n<p data-start=\"1889\" data-end=\"1959\" class=\"\">\n<p data-start=\"1889\" data-end=\"1959\" class=\"\">\n<h2 data-start=\"1966\" data-end=\"1986\">5. R\u00fcckerstattung<\/h2>\n<p data-start=\"1988\" data-end=\"2251\" class=\"\">Nach Erhalt und \u00dcberpr\u00fcfung Ihrer R\u00fccksendung wird Ihnen der Kaufbetrag <strong data-start=\"2054\" data-end=\"2073\">innerhalb von 14 Tagen<\/strong> \u00fcber dieselbe Zahlungsmethode zur\u00fcckerstattet, mit der Sie bezahlt haben. Sollten sich die Produkte nicht im Originalzustand befinden, k\u00f6nnen wir eine Wertminderung in Rechnung stellen.<\/p>\n<p data-start=\"1988\" data-end=\"2251\" class=\"\">\n<p data-start=\"1988\" data-end=\"2251\" class=\"\">\n<h2 data-start=\"2258\" data-end=\"2272\">6. Umtausch?<\/h2>\n<p data-start=\"2274\" data-end=\"2401\" class=\"\">M\u00f6chten Sie einen Artikel umtauschen? Kontaktieren Sie uns bitte zun\u00e4chst \u00fcber <strong data-start=\"2331\" data-end=\"2357\"><a data-start=\"2333\" data-end=\"2355\" rel=\"noopener\">shop@barchettaparts.eu<\/a><\/strong>, dann pr\u00fcfen wir gemeinsam die M\u00f6glichkeiten.<\/p>\n<p data-start=\"2274\" data-end=\"2401\" class=\"\">\n<p data-start=\"2274\" data-end=\"2401\" class=\"\">\n<h2 data-start=\"2408\" data-end=\"2456\">7. Besch\u00e4digter oder falscher Artikel erhalten?<\/h2>\n<p data-start=\"2458\" data-end=\"2689\" class=\"\">Wurde Ihre Bestellung besch\u00e4digt oder falsch geliefert? Kontaktieren Sie uns bitte innerhalb von 48 Stunden nach Erhalt \u00fcber <strong data-start=\"2563\" data-end=\"2589\"><a data-start=\"2565\" data-end=\"2587\" rel=\"noopener\">shop@barchettaparts.eu<\/a><\/strong>. Senden Sie nach M\u00f6glichkeit Fotos des Produkts und der Verpackung mit, damit wir Ihnen schnell helfen k\u00f6nnen.<\/p>\n<p data-start=\"2458\" data-end=\"2689\" class=\"\">\n<p data-start=\"2458\" data-end=\"2689\" class=\"\">\n<h2 data-start=\"2696\" data-end=\"2709\" class=\"\">Fragen?<\/h2>\n<p data-start=\"2711\" data-end=\"2789\" class=\"\">Bei Fragen zu Ihrer Bestellung oder unserer R\u00fcckgaberichtlinie k\u00f6nnen Sie uns kontaktieren \u00fcber:<\/p>\n<p data-start=\"2791\" data-end=\"2911\" class=\"\"><strong data-start=\"2791\" data-end=\"2812\">shop@barchettaparts.eu<\/strong><\/p>\n<p>[\/et_pb_text][\/et_pb_column][\/et_pb_row][\/et_pb_section]<\/p>\n","protected":false},"excerpt":{"rendered":"<p>R\u00fcckerstattungs- und R\u00fcckgaberichtlinie \u2013 barchettaparts.eu Version 1.0 \u2013 Zuletzt aktualisiert am 05.04.2025 Bei barchettaparts.eu streben wir nach Kundenzufriedenheit. Sollte Ihre Bestellung dennoch nicht ganz Ihren Erwartungen entsprechen, k\u00f6nnen Sie von Ihrem Widerrufsrecht Gebrauch machen. Nachfolgend erfahren Sie, wie Sie Ihre Bestellung zur\u00fccksenden k\u00f6nnen und welche Bedingungen daf\u00fcr gelten. 1. Widerrufsrecht (Bedenkzeit) Sie haben das Recht, [&hellip;]<\/p>\n","protected":false},"author":1,"featured_media":0,"parent":0,"menu_order":0,"comment_status":"closed","ping_status":"closed","template":"","meta":{"_acf_changed":false,"_et_pb_use_builder":"on","_et_pb_old_content":"","_et_gb_content_width":"","footnotes":""},"class_list":["post-262505","page","type-page","status-publish","hentry"],"acf":[],"yoast_head":"<!-- This site is optimized with the Yoast SEO plugin v27.5 - https:\/\/yoast.com\/product\/yoast-seo-wordpress\/ -->\n<title>R\u00fcckerstattungs- und R\u00fcckgaberichtlinie - barchetta parts Europe<\/title>\n<meta name=\"robots\" content=\"index, follow, max-snippet:-1, max-image-preview:large, max-video-preview:-1\" \/>\n<link rel=\"canonical\" href=\"https:\/\/barchettaparts.eu\/de\/rueckerstattungs-und-rueckgaberichtlinie\/\" \/>\n<meta property=\"og:locale\" content=\"de_DE\" \/>\n<meta property=\"og:type\" content=\"article\" \/>\n<meta property=\"og:title\" content=\"R\u00fcckerstattungs- und R\u00fcckgaberichtlinie - barchetta parts Europe\" \/>\n<meta property=\"og:description\" content=\"R\u00fcckerstattungs- und R\u00fcckgaberichtlinie \u2013 barchettaparts.eu Version 1.0 \u2013 Zuletzt aktualisiert am 05.04.2025 Bei barchettaparts.eu streben wir nach Kundenzufriedenheit. Sollte Ihre Bestellung dennoch nicht ganz Ihren Erwartungen entsprechen, k\u00f6nnen Sie von Ihrem Widerrufsrecht Gebrauch machen. Nachfolgend erfahren Sie, wie Sie Ihre Bestellung zur\u00fccksenden k\u00f6nnen und welche Bedingungen daf\u00fcr gelten. 1. Widerrufsrecht (Bedenkzeit) Sie haben das Recht, [&hellip;]\" \/>\n<meta property=\"og:url\" content=\"https:\/\/barchettaparts.eu\/de\/rueckerstattungs-und-rueckgaberichtlinie\/\" \/>\n<meta property=\"og:site_name\" content=\"barchetta parts Europe\" \/>\n<meta property=\"article:publisher\" content=\"https:\/\/www.facebook.com\/groups\/29348753458072384\" \/>\n<meta property=\"article:modified_time\" content=\"2025-04-12T16:06:33+00:00\" \/>\n<meta name=\"twitter:card\" content=\"summary_large_image\" \/>\n<meta name=\"twitter:label1\" content=\"Gesch\u00e4tzte Lesezeit\" \/>\n\t<meta name=\"twitter:data1\" content=\"3\u00a0Minuten\" \/>\n<script type=\"application\/ld+json\" class=\"yoast-schema-graph\">{\"@context\":\"https:\\\/\\\/schema.org\",\"@graph\":[{\"@type\":\"WebPage\",\"@id\":\"https:\\\/\\\/barchettaparts.eu\\\/de\\\/rueckerstattungs-und-rueckgaberichtlinie\\\/\",\"url\":\"https:\\\/\\\/barchettaparts.eu\\\/de\\\/rueckerstattungs-und-rueckgaberichtlinie\\\/\",\"name\":\"R\u00fcckerstattungs- und R\u00fcckgaberichtlinie - barchetta parts Europe\",\"isPartOf\":{\"@id\":\"https:\\\/\\\/barchettaparts.eu\\\/de\\\/#website\"},\"datePublished\":\"2025-04-05T17:08:48+00:00\",\"dateModified\":\"2025-04-12T16:06:33+00:00\",\"breadcrumb\":{\"@id\":\"https:\\\/\\\/barchettaparts.eu\\\/de\\\/rueckerstattungs-und-rueckgaberichtlinie\\\/#breadcrumb\"},\"inLanguage\":\"de\",\"potentialAction\":[{\"@type\":\"ReadAction\",\"target\":[\"https:\\\/\\\/barchettaparts.eu\\\/de\\\/rueckerstattungs-und-rueckgaberichtlinie\\\/\"]}]},{\"@type\":\"BreadcrumbList\",\"@id\":\"https:\\\/\\\/barchettaparts.eu\\\/de\\\/rueckerstattungs-und-rueckgaberichtlinie\\\/#breadcrumb\",\"itemListElement\":[{\"@type\":\"ListItem\",\"position\":1,\"name\":\"Home\",\"item\":\"https:\\\/\\\/barchettaparts.eu\\\/de\\\/startseite-2\\\/\"},{\"@type\":\"ListItem\",\"position\":2,\"name\":\"R\u00fcckerstattungs- und R\u00fcckgaberichtlinie\"}]},{\"@type\":\"WebSite\",\"@id\":\"https:\\\/\\\/barchettaparts.eu\\\/de\\\/#website\",\"url\":\"https:\\\/\\\/barchettaparts.eu\\\/de\\\/\",\"name\":\"barchetta parts Europe\",\"description\":\"For All Your barchetta Parts\",\"publisher\":{\"@id\":\"https:\\\/\\\/barchettaparts.eu\\\/de\\\/#organization\"},\"potentialAction\":[{\"@type\":\"SearchAction\",\"target\":{\"@type\":\"EntryPoint\",\"urlTemplate\":\"https:\\\/\\\/barchettaparts.eu\\\/de\\\/?s={search_term_string}\"},\"query-input\":{\"@type\":\"PropertyValueSpecification\",\"valueRequired\":true,\"valueName\":\"search_term_string\"}}],\"inLanguage\":\"de\"},{\"@type\":\"Organization\",\"@id\":\"https:\\\/\\\/barchettaparts.eu\\\/de\\\/#organization\",\"name\":\"barchetta parts Europe\",\"url\":\"https:\\\/\\\/barchettaparts.eu\\\/de\\\/\",\"logo\":{\"@type\":\"ImageObject\",\"inLanguage\":\"de\",\"@id\":\"https:\\\/\\\/barchettaparts.eu\\\/de\\\/#\\\/schema\\\/logo\\\/image\\\/\",\"url\":\"https:\\\/\\\/barchettaparts.eu\\\/wp-content\\\/uploads\\\/2025\\\/04\\\/logo-barchettapartsEU-kleine-b-1.png\",\"contentUrl\":\"https:\\\/\\\/barchettaparts.eu\\\/wp-content\\\/uploads\\\/2025\\\/04\\\/logo-barchettapartsEU-kleine-b-1.png\",\"width\":1436,\"height\":983,\"caption\":\"barchetta parts Europe\"},\"image\":{\"@id\":\"https:\\\/\\\/barchettaparts.eu\\\/de\\\/#\\\/schema\\\/logo\\\/image\\\/\"},\"sameAs\":[\"https:\\\/\\\/www.facebook.com\\\/groups\\\/29348753458072384\"]}]}<\/script>\n<!-- \/ Yoast SEO plugin. -->","yoast_head_json":{"title":"R\u00fcckerstattungs- und R\u00fcckgaberichtlinie - barchetta parts Europe","robots":{"index":"index","follow":"follow","max-snippet":"max-snippet:-1","max-image-preview":"max-image-preview:large","max-video-preview":"max-video-preview:-1"},"canonical":"https:\/\/barchettaparts.eu\/de\/rueckerstattungs-und-rueckgaberichtlinie\/","og_locale":"de_DE","og_type":"article","og_title":"R\u00fcckerstattungs- und R\u00fcckgaberichtlinie - barchetta parts Europe","og_description":"R\u00fcckerstattungs- und R\u00fcckgaberichtlinie \u2013 barchettaparts.eu Version 1.0 \u2013 Zuletzt aktualisiert am 05.04.2025 Bei barchettaparts.eu streben wir nach Kundenzufriedenheit. Sollte Ihre Bestellung dennoch nicht ganz Ihren Erwartungen entsprechen, k\u00f6nnen Sie von Ihrem Widerrufsrecht Gebrauch machen. Nachfolgend erfahren Sie, wie Sie Ihre Bestellung zur\u00fccksenden k\u00f6nnen und welche Bedingungen daf\u00fcr gelten. 1. Widerrufsrecht (Bedenkzeit) Sie haben das Recht, [&hellip;]","og_url":"https:\/\/barchettaparts.eu\/de\/rueckerstattungs-und-rueckgaberichtlinie\/","og_site_name":"barchetta parts Europe","article_publisher":"https:\/\/www.facebook.com\/groups\/29348753458072384","article_modified_time":"2025-04-12T16:06:33+00:00","twitter_card":"summary_large_image","twitter_misc":{"Gesch\u00e4tzte Lesezeit":"3\u00a0Minuten"},"schema":{"@context":"https:\/\/schema.org","@graph":[{"@type":"WebPage","@id":"https:\/\/barchettaparts.eu\/de\/rueckerstattungs-und-rueckgaberichtlinie\/","url":"https:\/\/barchettaparts.eu\/de\/rueckerstattungs-und-rueckgaberichtlinie\/","name":"R\u00fcckerstattungs- und R\u00fcckgaberichtlinie - barchetta parts Europe","isPartOf":{"@id":"https:\/\/barchettaparts.eu\/de\/#website"},"datePublished":"2025-04-05T17:08:48+00:00","dateModified":"2025-04-12T16:06:33+00:00","breadcrumb":{"@id":"https:\/\/barchettaparts.eu\/de\/rueckerstattungs-und-rueckgaberichtlinie\/#breadcrumb"},"inLanguage":"de","potentialAction":[{"@type":"ReadAction","target":["https:\/\/barchettaparts.eu\/de\/rueckerstattungs-und-rueckgaberichtlinie\/"]}]},{"@type":"BreadcrumbList","@id":"https:\/\/barchettaparts.eu\/de\/rueckerstattungs-und-rueckgaberichtlinie\/#breadcrumb","itemListElement":[{"@type":"ListItem","position":1,"name":"Home","item":"https:\/\/barchettaparts.eu\/de\/startseite-2\/"},{"@type":"ListItem","position":2,"name":"R\u00fcckerstattungs- und R\u00fcckgaberichtlinie"}]},{"@type":"WebSite","@id":"https:\/\/barchettaparts.eu\/de\/#website","url":"https:\/\/barchettaparts.eu\/de\/","name":"barchetta parts Europe","description":"For All Your barchetta Parts","publisher":{"@id":"https:\/\/barchettaparts.eu\/de\/#organization"},"potentialAction":[{"@type":"SearchAction","target":{"@type":"EntryPoint","urlTemplate":"https:\/\/barchettaparts.eu\/de\/?s={search_term_string}"},"query-input":{"@type":"PropertyValueSpecification","valueRequired":true,"valueName":"search_term_string"}}],"inLanguage":"de"},{"@type":"Organization","@id":"https:\/\/barchettaparts.eu\/de\/#organization","name":"barchetta parts Europe","url":"https:\/\/barchettaparts.eu\/de\/","logo":{"@type":"ImageObject","inLanguage":"de","@id":"https:\/\/barchettaparts.eu\/de\/#\/schema\/logo\/image\/","url":"https:\/\/barchettaparts.eu\/wp-content\/uploads\/2025\/04\/logo-barchettapartsEU-kleine-b-1.png","contentUrl":"https:\/\/barchettaparts.eu\/wp-content\/uploads\/2025\/04\/logo-barchettapartsEU-kleine-b-1.png","width":1436,"height":983,"caption":"barchetta parts Europe"},"image":{"@id":"https:\/\/barchettaparts.eu\/de\/#\/schema\/logo\/image\/"},"sameAs":["https:\/\/www.facebook.com\/groups\/29348753458072384"]}]}},"_links":{"self":[{"href":"https:\/\/barchettaparts.eu\/de\/wp-json\/wp\/v2\/pages\/262505","targetHints":{"allow":["GET"]}}],"collection":[{"href":"https:\/\/barchettaparts.eu\/de\/wp-json\/wp\/v2\/pages"}],"about":[{"href":"https:\/\/barchettaparts.eu\/de\/wp-json\/wp\/v2\/types\/page"}],"author":[{"embeddable":true,"href":"https:\/\/barchettaparts.eu\/de\/wp-json\/wp\/v2\/users\/1"}],"replies":[{"embeddable":true,"href":"https:\/\/barchettaparts.eu\/de\/wp-json\/wp\/v2\/comments?post=262505"}],"version-history":[{"count":2,"href":"https:\/\/barchettaparts.eu\/de\/wp-json\/wp\/v2\/pages\/262505\/revisions"}],"predecessor-version":[{"id":262508,"href":"https:\/\/barchettaparts.eu\/de\/wp-json\/wp\/v2\/pages\/262505\/revisions\/262508"}],"wp:attachment":[{"href":"https:\/\/barchettaparts.eu\/de\/wp-json\/wp\/v2\/media?parent=262505"}],"curies":[{"name":"wp","href":"https:\/\/api.w.org\/{rel}","templated":true}]}}