{"id":262354,"date":"2025-02-22T11:01:13","date_gmt":"2025-02-22T11:01:13","guid":{"rendered":"https:\/\/barchettaparts.eu\/startseite\/"},"modified":"2025-04-12T16:05:59","modified_gmt":"2025-04-12T16:05:59","slug":"startseite","status":"publish","type":"page","link":"https:\/\/barchettaparts.eu\/de\/startseite\/","title":{"rendered":"Startseite"},"content":{"rendered":"<p>[et_pb_section fb_built=&#8220;1&#8243; disabled_on=&#8220;on|off|off&#8220; admin_label=&#8220;Header&#8220; _builder_version=&#8220;4.27.4&#8243; _module_preset=&#8220;default&#8220; width=&#8220;100%&#8220; max_width=&#8220;100%&#8220; min_height=&#8220;100%&#8220; height=&#8220;100%&#8220; max_height=&#8220;100%&#8220; custom_margin=&#8220;0px|0px|0px|0px|false|false&#8220; custom_padding=&#8220;0px|0px|0px|0px|true|false&#8220; custom_css_main_element=&#8220;height: 100vh;&#8220; collapsed=&#8220;on&#8220; global_colors_info=&#8220;{}&#8220;][et_pb_row column_structure=&#8220;1_2,1_2&#8243; make_equal=&#8220;on&#8220; _builder_version=&#8220;4.27.4&#8243; _module_preset=&#8220;default&#8220; use_background_color_gradient=&#8220;on&#8220; background_color_gradient_direction=&#8220;90deg&#8220; background_color_gradient_stops=&#8220;#008c45 1%|#008c45 15%|#ffffff 15%|rgba(255, 255, 255, 1) 31%|#cd212a 31%|#cd212a 47%|#ffffff 47%&#8220; background_enable_image=&#8220;off&#8220; background_size=&#8220;initial&#8220; width=&#8220;100%&#8220; max_width=&#8220;100%&#8220; min_height=&#8220;100%&#8220; height=&#8220;100%&#8220; max_height=&#8220;100%&#8220; custom_margin=&#8220;|auto|-4px|auto||&#8220; custom_padding=&#8220;0px||0px||true|false&#8220; global_colors_info=&#8220;{}&#8220;][et_pb_column type=&#8220;1_2&#8243; _builder_version=&#8220;4.27.4&#8243; _module_preset=&#8220;default&#8220; background_image=&#8220;http:\/\/barchettaparts.eu\/wp-content\/uploads\/2025\/02\/barchetta-logo-png-transparent.png&#8220; background_size=&#8220;contain&#8220; global_colors_info=&#8220;{}&#8220;][et_pb_divider show_divider=&#8220;off&#8220; _builder_version=&#8220;4.22.0&#8243; _module_preset=&#8220;default&#8220; height_tablet=&#8220;40vw&#8220; height_phone=&#8220;40vw&#8220; height_last_edited=&#8220;on|desktop&#8220; global_colors_info=&#8220;{}&#8220;][\/et_pb_divider][\/et_pb_column][et_pb_column type=&#8220;1_2&#8243; _builder_version=&#8220;4.27.4&#8243; _module_preset=&#8220;default&#8220; custom_padding=&#8220;18%|8%|18%||true|false&#8220; custom_padding_tablet=&#8220;|||8%|true|false&#8220; custom_padding_phone=&#8220;|||8%|true|false&#8220; custom_padding_last_edited=&#8220;on|tablet&#8220; global_colors_info=&#8220;{}&#8220;][et_pb_text _builder_version=&#8220;4.27.4&#8243; _module_preset=&#8220;23203458-b448-49db-912d-d8489f8eb1fb&#8220; custom_margin=&#8220;||10px||false|false&#8220; custom_padding=&#8220;||0px|||&#8220; hover_enabled=&#8220;0&#8243; global_colors_info=&#8220;{}&#8220; sticky_enabled=&#8220;0&#8243;]<\/p>\n<h1>Wir er\u00f6ffnen in K\u00fcrze<\/h1>\n<p>&nbsp;<\/p>\n<p>[\/et_pb_text][et_pb_text _builder_version=&#8220;4.27.4&#8243; _module_preset=&#8220;b47205bd-3b9c-4601-9aa0-54691b9d82fb&#8220; text_font=&#8220;\u2013et_global_body_font||||||||&#8220; text_text_color=&#8220;#212121&#8243; header_text_color=&#8220;#000000&#8243; hover_enabled=&#8220;0&#8243; global_colors_info=&#8220;{}&#8220; sticky_enabled=&#8220;0&#8243;]<\/p>\n<p>Aufregende Neuigkeiten, eine neue Webpr\u00e4senz befindet sich in der Entwicklung. Dieser Zulieferer konzentriert sich ausschlie\u00dflich auf den Fiat barchetta und bietet ein umfangreiches Sortiment an neuen und gebrauchten Teilen, einschlie\u00dflich Zubeh\u00f6r und Tuning-Komponenten. Dar\u00fcber hinaus fertigen sie Teile, die als Neuware nicht mehr erh\u00e4ltlich sind.<\/p>\n<p>Bleiben Sie auf dem Laufenden<\/p>\n<p>[\/et_pb_text][et_pb_text _builder_version=&#8220;4.27.4&#8243; _module_preset=&#8220;b47205bd-3b9c-4601-9aa0-54691b9d82fb&#8220; text_font=&#8220;\u2013et_global_body_font||||||||&#8220; text_text_color=&#8220;#212121&#8243; header_text_color=&#8220;#000000&#8243; custom_padding=&#8220;0px|||||&#8220; global_colors_info=&#8220;{}&#8220;]<\/p>\n<p>barchetta parts Europe<br \/>shop@barchettaparts.eu<\/p>\n<p>[\/et_pb_text][\/et_pb_column][\/et_pb_row][\/et_pb_section][et_pb_section fb_built=&#8220;1&#8243; disabled_on=&#8220;off|on|on&#8220; admin_label=&#8220;Header&#8220; _builder_version=&#8220;4.27.4&#8243; _module_preset=&#8220;default&#8220; width=&#8220;100%&#8220; max_width=&#8220;100%&#8220; min_height=&#8220;100%&#8220; height=&#8220;100%&#8220; max_height=&#8220;100%&#8220; custom_margin=&#8220;0px|0px|0px|0px|false|false&#8220; custom_padding=&#8220;0px|0px|0px|0px|true|false&#8220; custom_css_main_element=&#8220;height: 100vh;&#8220; collapsed=&#8220;on&#8220; global_colors_info=&#8220;{}&#8220;][et_pb_row make_equal=&#8220;on&#8220; _builder_version=&#8220;4.27.4&#8243; _module_preset=&#8220;default&#8220; use_background_color_gradient=&#8220;on&#8220; background_color_gradient_direction=&#8220;90deg&#8220; background_color_gradient_stops=&#8220;#008c45 1%|#008c45 33%|#ffffff 33%|rgba(255, 255, 255, 1) 66%|#cd212a 66%&#8220; background_enable_image=&#8220;off&#8220; background_size=&#8220;initial&#8220; width=&#8220;100%&#8220; max_width=&#8220;100%&#8220; min_height=&#8220;100%&#8220; height=&#8220;100%&#8220; max_height=&#8220;100%&#8220; custom_margin=&#8220;|auto|-4px|auto||&#8220; custom_padding=&#8220;0px||0px||true|false&#8220; global_colors_info=&#8220;{}&#8220;][et_pb_column type=&#8220;4_4&#8243; _builder_version=&#8220;4.27.4&#8243; _module_preset=&#8220;default&#8220; background_image=&#8220;http:\/\/barchettaparts.eu\/wp-content\/uploads\/2025\/02\/barchetta-logo-png-transparent.png&#8220; background_size=&#8220;contain&#8220; background_position=&#8220;top_center&#8220; global_colors_info=&#8220;{}&#8220;][et_pb_divider show_divider=&#8220;off&#8220; _builder_version=&#8220;4.27.4&#8243; _module_preset=&#8220;default&#8220; height_tablet=&#8220;40vw&#8220; height_phone=&#8220;40vw&#8220; height_last_edited=&#8220;on|desktop&#8220; custom_margin=&#8220;||||false|false&#8220; custom_padding=&#8220;100px||||false|false&#8220; global_colors_info=&#8220;{}&#8220;][\/et_pb_divider][et_pb_text _builder_version=&#8220;4.27.4&#8243; _module_preset=&#8220;23203458-b448-49db-912d-d8489f8eb1fb&#8220; text_font_size=&#8220;25px&#8220; header_font_size=&#8220;88px&#8220; width=&#8220;80%&#8220; max_width=&#8220;80%&#8220; module_alignment=&#8220;center&#8220; custom_margin=&#8220;||10px||false|false&#8220; custom_padding=&#8220;||2px|||&#8220; global_colors_info=&#8220;{}&#8220;]<\/p>\n<h1 style=\"text-align: center;\">Wir er\u00f6ffnen in K\u00fcrze<\/h1>\n<p>&nbsp;<\/p>\n<p>[\/et_pb_text][et_pb_text _builder_version=&#8220;4.27.4&#8243; _module_preset=&#8220;b47205bd-3b9c-4601-9aa0-54691b9d82fb&#8220; text_font=&#8220;\u2013et_global_body_font||||||||&#8220; text_text_color=&#8220;#212121&#8243; header_text_color=&#8220;#000000&#8243; background_color=&#8220;#FFFFFF&#8220; width=&#8220;90%&#8220; max_width=&#8220;90%&#8220; module_alignment=&#8220;center&#8220; custom_margin=&#8220;||||false|false&#8220; custom_padding=&#8220;20px|20px|20px|20px|false|false&#8220; global_colors_info=&#8220;{}&#8220;]<\/p>\n<p>Aufregende Neuigkeiten, eine neue Webpr\u00e4senz befindet sich in der Entwicklung. Dieser Zulieferer konzentriert sich ausschlie\u00dflich auf den Fiat barchetta und bietet ein umfangreiches Sortiment an neuen und gebrauchten Teilen, einschlie\u00dflich Zubeh\u00f6r und Tuning-Komponenten. Dar\u00fcber hinaus fertigen sie Teile, die als Neuware nicht mehr erh\u00e4ltlich sind.<\/p>\n<p>Bleiben Sie auf dem Laufenden<\/p>\n<p><span>barchetta parts Europe<\/span><br \/><span>shop@barchettaparts.eu<\/span><\/p>\n<p>[\/et_pb_text][\/et_pb_column][\/et_pb_row][\/et_pb_section]<\/p>\n","protected":false},"excerpt":{"rendered":"<p>Wir er\u00f6ffnen in K\u00fcrze &nbsp;Aufregende Neuigkeiten, eine neue Webpr\u00e4senz befindet sich in der Entwicklung. Dieser Zulieferer konzentriert sich ausschlie\u00dflich auf den Fiat barchetta und bietet ein umfangreiches Sortiment an neuen und gebrauchten Teilen, einschlie\u00dflich Zubeh\u00f6r und Tuning-Komponenten. Dar\u00fcber hinaus fertigen sie Teile, die als Neuware nicht mehr erh\u00e4ltlich sind. Bleiben Sie auf dem Laufendenbarchetta parts [&hellip;]<\/p>\n","protected":false},"author":1,"featured_media":0,"parent":0,"menu_order":0,"comment_status":"closed","ping_status":"closed","template":"page-template-blank.php","meta":{"_acf_changed":false,"_et_pb_use_builder":"on","_et_pb_old_content":"","_et_gb_content_width":"","footnotes":""},"class_list":["post-262354","page","type-page","status-publish","hentry"],"acf":[],"yoast_head":"<!-- This site is optimized with the Yoast SEO plugin v27.4 - https:\/\/yoast.com\/product\/yoast-seo-wordpress\/ -->\n<title>Startseite - barchetta parts Europe<\/title>\n<meta name=\"robots\" content=\"index, follow, max-snippet:-1, max-image-preview:large, max-video-preview:-1\" \/>\n<link rel=\"canonical\" href=\"https:\/\/barchettaparts.eu\/de\/startseite\/\" \/>\n<meta property=\"og:locale\" content=\"de_DE\" \/>\n<meta property=\"og:type\" content=\"article\" \/>\n<meta property=\"og:title\" content=\"Startseite - barchetta parts Europe\" \/>\n<meta property=\"og:description\" content=\"Wir er\u00f6ffnen in K\u00fcrze &nbsp;Aufregende Neuigkeiten, eine neue Webpr\u00e4senz befindet sich in der Entwicklung. Dieser Zulieferer konzentriert sich ausschlie\u00dflich auf den Fiat barchetta und bietet ein umfangreiches Sortiment an neuen und gebrauchten Teilen, einschlie\u00dflich Zubeh\u00f6r und Tuning-Komponenten. Dar\u00fcber hinaus fertigen sie Teile, die als Neuware nicht mehr erh\u00e4ltlich sind. Bleiben Sie auf dem Laufendenbarchetta parts [&hellip;]\" \/>\n<meta property=\"og:url\" content=\"https:\/\/barchettaparts.eu\/de\/startseite\/\" \/>\n<meta property=\"og:site_name\" content=\"barchetta parts Europe\" \/>\n<meta property=\"article:publisher\" content=\"https:\/\/www.facebook.com\/groups\/29348753458072384\" \/>\n<meta property=\"article:modified_time\" content=\"2025-04-12T16:05:59+00:00\" \/>\n<meta name=\"twitter:card\" content=\"summary_large_image\" \/>\n<meta name=\"twitter:label1\" content=\"Gesch\u00e4tzte Lesezeit\" \/>\n\t<meta name=\"twitter:data1\" content=\"4\u00a0Minuten\" \/>\n<script type=\"application\/ld+json\" class=\"yoast-schema-graph\">{\"@context\":\"https:\\\/\\\/schema.org\",\"@graph\":[{\"@type\":\"WebPage\",\"@id\":\"https:\\\/\\\/barchettaparts.eu\\\/de\\\/startseite\\\/\",\"url\":\"https:\\\/\\\/barchettaparts.eu\\\/de\\\/startseite\\\/\",\"name\":\"Startseite - barchetta parts Europe\",\"isPartOf\":{\"@id\":\"https:\\\/\\\/barchettaparts.eu\\\/de\\\/#website\"},\"datePublished\":\"2025-02-22T11:01:13+00:00\",\"dateModified\":\"2025-04-12T16:05:59+00:00\",\"breadcrumb\":{\"@id\":\"https:\\\/\\\/barchettaparts.eu\\\/de\\\/startseite\\\/#breadcrumb\"},\"inLanguage\":\"de\",\"potentialAction\":[{\"@type\":\"ReadAction\",\"target\":[\"https:\\\/\\\/barchettaparts.eu\\\/de\\\/startseite\\\/\"]}]},{\"@type\":\"BreadcrumbList\",\"@id\":\"https:\\\/\\\/barchettaparts.eu\\\/de\\\/startseite\\\/#breadcrumb\",\"itemListElement\":[{\"@type\":\"ListItem\",\"position\":1,\"name\":\"Home\",\"item\":\"https:\\\/\\\/barchettaparts.eu\\\/de\\\/startseite-2\\\/\"},{\"@type\":\"ListItem\",\"position\":2,\"name\":\"Startseite\"}]},{\"@type\":\"WebSite\",\"@id\":\"https:\\\/\\\/barchettaparts.eu\\\/de\\\/#website\",\"url\":\"https:\\\/\\\/barchettaparts.eu\\\/de\\\/\",\"name\":\"barchetta parts Europe\",\"description\":\"For All Your barchetta Parts\",\"publisher\":{\"@id\":\"https:\\\/\\\/barchettaparts.eu\\\/de\\\/#organization\"},\"potentialAction\":[{\"@type\":\"SearchAction\",\"target\":{\"@type\":\"EntryPoint\",\"urlTemplate\":\"https:\\\/\\\/barchettaparts.eu\\\/de\\\/?s={search_term_string}\"},\"query-input\":{\"@type\":\"PropertyValueSpecification\",\"valueRequired\":true,\"valueName\":\"search_term_string\"}}],\"inLanguage\":\"de\"},{\"@type\":\"Organization\",\"@id\":\"https:\\\/\\\/barchettaparts.eu\\\/de\\\/#organization\",\"name\":\"barchetta parts Europe\",\"url\":\"https:\\\/\\\/barchettaparts.eu\\\/de\\\/\",\"logo\":{\"@type\":\"ImageObject\",\"inLanguage\":\"de\",\"@id\":\"https:\\\/\\\/barchettaparts.eu\\\/de\\\/#\\\/schema\\\/logo\\\/image\\\/\",\"url\":\"https:\\\/\\\/barchettaparts.eu\\\/wp-content\\\/uploads\\\/2025\\\/04\\\/logo-barchettapartsEU-kleine-b-1.png\",\"contentUrl\":\"https:\\\/\\\/barchettaparts.eu\\\/wp-content\\\/uploads\\\/2025\\\/04\\\/logo-barchettapartsEU-kleine-b-1.png\",\"width\":1436,\"height\":983,\"caption\":\"barchetta parts Europe\"},\"image\":{\"@id\":\"https:\\\/\\\/barchettaparts.eu\\\/de\\\/#\\\/schema\\\/logo\\\/image\\\/\"},\"sameAs\":[\"https:\\\/\\\/www.facebook.com\\\/groups\\\/29348753458072384\"]}]}<\/script>\n<!-- \/ Yoast SEO plugin. -->","yoast_head_json":{"title":"Startseite - barchetta parts Europe","robots":{"index":"index","follow":"follow","max-snippet":"max-snippet:-1","max-image-preview":"max-image-preview:large","max-video-preview":"max-video-preview:-1"},"canonical":"https:\/\/barchettaparts.eu\/de\/startseite\/","og_locale":"de_DE","og_type":"article","og_title":"Startseite - barchetta parts Europe","og_description":"Wir er\u00f6ffnen in K\u00fcrze &nbsp;Aufregende Neuigkeiten, eine neue Webpr\u00e4senz befindet sich in der Entwicklung. Dieser Zulieferer konzentriert sich ausschlie\u00dflich auf den Fiat barchetta und bietet ein umfangreiches Sortiment an neuen und gebrauchten Teilen, einschlie\u00dflich Zubeh\u00f6r und Tuning-Komponenten. Dar\u00fcber hinaus fertigen sie Teile, die als Neuware nicht mehr erh\u00e4ltlich sind. Bleiben Sie auf dem Laufendenbarchetta parts [&hellip;]","og_url":"https:\/\/barchettaparts.eu\/de\/startseite\/","og_site_name":"barchetta parts Europe","article_publisher":"https:\/\/www.facebook.com\/groups\/29348753458072384","article_modified_time":"2025-04-12T16:05:59+00:00","twitter_card":"summary_large_image","twitter_misc":{"Gesch\u00e4tzte Lesezeit":"4\u00a0Minuten"},"schema":{"@context":"https:\/\/schema.org","@graph":[{"@type":"WebPage","@id":"https:\/\/barchettaparts.eu\/de\/startseite\/","url":"https:\/\/barchettaparts.eu\/de\/startseite\/","name":"Startseite - barchetta parts Europe","isPartOf":{"@id":"https:\/\/barchettaparts.eu\/de\/#website"},"datePublished":"2025-02-22T11:01:13+00:00","dateModified":"2025-04-12T16:05:59+00:00","breadcrumb":{"@id":"https:\/\/barchettaparts.eu\/de\/startseite\/#breadcrumb"},"inLanguage":"de","potentialAction":[{"@type":"ReadAction","target":["https:\/\/barchettaparts.eu\/de\/startseite\/"]}]},{"@type":"BreadcrumbList","@id":"https:\/\/barchettaparts.eu\/de\/startseite\/#breadcrumb","itemListElement":[{"@type":"ListItem","position":1,"name":"Home","item":"https:\/\/barchettaparts.eu\/de\/startseite-2\/"},{"@type":"ListItem","position":2,"name":"Startseite"}]},{"@type":"WebSite","@id":"https:\/\/barchettaparts.eu\/de\/#website","url":"https:\/\/barchettaparts.eu\/de\/","name":"barchetta parts Europe","description":"For All Your barchetta Parts","publisher":{"@id":"https:\/\/barchettaparts.eu\/de\/#organization"},"potentialAction":[{"@type":"SearchAction","target":{"@type":"EntryPoint","urlTemplate":"https:\/\/barchettaparts.eu\/de\/?s={search_term_string}"},"query-input":{"@type":"PropertyValueSpecification","valueRequired":true,"valueName":"search_term_string"}}],"inLanguage":"de"},{"@type":"Organization","@id":"https:\/\/barchettaparts.eu\/de\/#organization","name":"barchetta parts Europe","url":"https:\/\/barchettaparts.eu\/de\/","logo":{"@type":"ImageObject","inLanguage":"de","@id":"https:\/\/barchettaparts.eu\/de\/#\/schema\/logo\/image\/","url":"https:\/\/barchettaparts.eu\/wp-content\/uploads\/2025\/04\/logo-barchettapartsEU-kleine-b-1.png","contentUrl":"https:\/\/barchettaparts.eu\/wp-content\/uploads\/2025\/04\/logo-barchettapartsEU-kleine-b-1.png","width":1436,"height":983,"caption":"barchetta parts Europe"},"image":{"@id":"https:\/\/barchettaparts.eu\/de\/#\/schema\/logo\/image\/"},"sameAs":["https:\/\/www.facebook.com\/groups\/29348753458072384"]}]}},"_links":{"self":[{"href":"https:\/\/barchettaparts.eu\/de\/wp-json\/wp\/v2\/pages\/262354","targetHints":{"allow":["GET"]}}],"collection":[{"href":"https:\/\/barchettaparts.eu\/de\/wp-json\/wp\/v2\/pages"}],"about":[{"href":"https:\/\/barchettaparts.eu\/de\/wp-json\/wp\/v2\/types\/page"}],"author":[{"embeddable":true,"href":"https:\/\/barchettaparts.eu\/de\/wp-json\/wp\/v2\/users\/1"}],"replies":[{"embeddable":true,"href":"https:\/\/barchettaparts.eu\/de\/wp-json\/wp\/v2\/comments?post=262354"}],"version-history":[{"count":2,"href":"https:\/\/barchettaparts.eu\/de\/wp-json\/wp\/v2\/pages\/262354\/revisions"}],"predecessor-version":[{"id":262356,"href":"https:\/\/barchettaparts.eu\/de\/wp-json\/wp\/v2\/pages\/262354\/revisions\/262356"}],"wp:attachment":[{"href":"https:\/\/barchettaparts.eu\/de\/wp-json\/wp\/v2\/media?parent=262354"}],"curies":[{"name":"wp","href":"https:\/\/api.w.org\/{rel}","templated":true}]}}